{"id":13198,"date":"2023-06-22T11:13:07","date_gmt":"2023-06-22T11:13:07","guid":{"rendered":"https:\/\/aguardio.com\/mi-aguardio\/"},"modified":"2024-06-20T10:28:39","modified_gmt":"2024-06-20T10:28:39","slug":"mi-aguardio","status":"publish","type":"page","link":"https:\/\/aguardio.com\/es\/mi-aguardio\/","title":{"rendered":"Mi Aguardio"},"content":{"rendered":"\t\t<div data-elementor-type=\"wp-page\" data-elementor-id=\"13198\" class=\"elementor elementor-13198 elementor-11023\" data-elementor-post-type=\"page\">\n\t\t\t\t\t\t<section class=\"elementor-section elementor-top-section elementor-element elementor-element-5e81aaee elementor-section-full_width elementor-section-stretched elementor-section-height-default elementor-section-height-default\" data-id=\"5e81aaee\" data-element_type=\"section\" data-e-type=\"section\" id=\"header-home-agu\" data-settings=\"{&quot;background_background&quot;:&quot;classic&quot;,&quot;stretch_section&quot;:&quot;section-stretched&quot;}\">\n\t\t\t\t\t\t\t<div class=\"elementor-background-overlay\"><\/div>\n\t\t\t\t\t\t\t<div class=\"elementor-container elementor-column-gap-default\">\n\t\t\t\t\t<div class=\"elementor-column elementor-col-100 elementor-top-column elementor-element elementor-element-26bcc706\" data-id=\"26bcc706\" data-element_type=\"column\" data-e-type=\"column\">\n\t\t\t<div class=\"elementor-widget-wrap elementor-element-populated\">\n\t\t\t\t\t\t<section class=\"elementor-section elementor-inner-section elementor-element elementor-element-2000db1a elementor-section-content-middle elementor-section-boxed elementor-section-height-default elementor-section-height-default\" data-id=\"2000db1a\" data-element_type=\"section\" data-e-type=\"section\">\n\t\t\t\t\t\t<div class=\"elementor-container elementor-column-gap-default\">\n\t\t\t\t\t<div class=\"elementor-column elementor-col-50 elementor-inner-column elementor-element elementor-element-4404d829 elementor-invisible\" data-id=\"4404d829\" data-element_type=\"column\" data-e-type=\"column\" data-settings=\"{&quot;animation&quot;:&quot;fadeInUp&quot;}\">\n\t\t\t<div class=\"elementor-widget-wrap elementor-element-populated\">\n\t\t\t\t\t\t<div class=\"elementor-element elementor-element-5b1b8ba1 elementor-widget elementor-widget-heading\" data-id=\"5b1b8ba1\" data-element_type=\"widget\" data-e-type=\"widget\" data-widget_type=\"heading.default\">\n\t\t\t\t<div class=\"elementor-widget-container\">\n\t\t\t\t\t<h1 class=\"elementor-heading-title elementor-size-default\">Mi Aguardio<\/h1>\t\t\t\t<\/div>\n\t\t\t\t<\/div>\n\t\t\t\t<div class=\"elementor-element elementor-element-1c0fc4bd elementor-widget-divider--view-line elementor-widget elementor-widget-divider\" data-id=\"1c0fc4bd\" data-element_type=\"widget\" data-e-type=\"widget\" data-widget_type=\"divider.default\">\n\t\t\t\t<div class=\"elementor-widget-container\">\n\t\t\t\t\t\t\t<div class=\"elementor-divider\">\n\t\t\t<span class=\"elementor-divider-separator\">\n\t\t\t\t\t\t<\/span>\n\t\t<\/div>\n\t\t\t\t\t\t<\/div>\n\t\t\t\t<\/div>\n\t\t\t\t<div class=\"elementor-element elementor-element-7e208c3a elementor-widget elementor-widget-heading\" data-id=\"7e208c3a\" data-element_type=\"widget\" data-e-type=\"widget\" data-widget_type=\"heading.default\">\n\t\t\t\t<div class=\"elementor-widget-container\">\n\t\t\t\t\t<h2 class=\"elementor-heading-title elementor-size-default\">\u00a1El agua es esencial para la vida!<\/h2>\t\t\t\t<\/div>\n\t\t\t\t<\/div>\n\t\t\t\t<div class=\"elementor-element elementor-element-33a814ec elementor-invisible elementor-widget elementor-widget-text-editor\" data-id=\"33a814ec\" data-element_type=\"widget\" data-e-type=\"widget\" data-settings=\"{&quot;_animation&quot;:&quot;fadeIn&quot;}\" data-widget_type=\"text-editor.default\">\n\t\t\t\t<div class=\"elementor-widget-container\">\n\t\t\t\t\t\t\t\t\t<p data-pm-slice=\"1 1 []\">Una ducha r\u00e1pida aqu\u00ed hace correr el agua durante <strong>3:30 minutos.<\/strong><\/p>\n<p>El reloj se detendr\u00e1 si cierras el agua mientras te enjabonas o usas el champ\u00fa.<\/p>\n\t\t\t\t\t\t\t\t<\/div>\n\t\t\t\t<\/div>\n\t\t\t\t<div class=\"elementor-element elementor-element-72a9914d elementor-widget elementor-widget-spacer\" data-id=\"72a9914d\" data-element_type=\"widget\" data-e-type=\"widget\" data-widget_type=\"spacer.default\">\n\t\t\t\t<div class=\"elementor-widget-container\">\n\t\t\t\t\t\t\t<div class=\"elementor-spacer\">\n\t\t\t<div class=\"elementor-spacer-inner\"><\/div>\n\t\t<\/div>\n\t\t\t\t\t\t<\/div>\n\t\t\t\t<\/div>\n\t\t\t\t\t<\/div>\n\t\t<\/div>\n\t\t\t\t<div class=\"elementor-column elementor-col-50 elementor-inner-column elementor-element elementor-element-b4d78d7\" data-id=\"b4d78d7\" data-element_type=\"column\" data-e-type=\"column\">\n\t\t\t<div class=\"elementor-widget-wrap\">\n\t\t\t\t\t\t\t<\/div>\n\t\t<\/div>\n\t\t\t\t\t<\/div>\n\t\t<\/section>\n\t\t\t\t\t<\/div>\n\t\t<\/div>\n\t\t\t\t\t<\/div>\n\t\t<\/section>\n\t\t\t\t<section class=\"elementor-section elementor-top-section elementor-element elementor-element-33c31d37 elementor-section-full_width elementor-section-content-middle elementor-section-height-default elementor-section-height-default\" data-id=\"33c31d37\" data-element_type=\"section\" data-e-type=\"section\">\n\t\t\t\t\t\t<div class=\"elementor-container elementor-column-gap-default\">\n\t\t\t\t\t<div class=\"elementor-column elementor-col-100 elementor-top-column elementor-element elementor-element-276ed010\" data-id=\"276ed010\" data-element_type=\"column\" data-e-type=\"column\">\n\t\t\t<div class=\"elementor-widget-wrap elementor-element-populated\">\n\t\t\t\t\t\t<section class=\"elementor-section elementor-inner-section elementor-element elementor-element-1ff1b25 elementor-section-content-middle elementor-reverse-mobile elementor-section-boxed elementor-section-height-default elementor-section-height-default\" data-id=\"1ff1b25\" data-element_type=\"section\" data-e-type=\"section\">\n\t\t\t\t\t\t<div class=\"elementor-container elementor-column-gap-default\">\n\t\t\t\t\t<div class=\"elementor-column elementor-col-50 elementor-inner-column elementor-element elementor-element-d60cca4\" data-id=\"d60cca4\" data-element_type=\"column\" data-e-type=\"column\">\n\t\t\t<div class=\"elementor-widget-wrap elementor-element-populated\">\n\t\t\t\t\t\t<div class=\"elementor-element elementor-element-9231ecb elementor-invisible elementor-widget elementor-widget-image\" data-id=\"9231ecb\" data-element_type=\"widget\" data-e-type=\"widget\" data-settings=\"{&quot;_animation&quot;:&quot;fadeInLeft&quot;}\" data-widget_type=\"image.default\">\n\t\t\t\t<div class=\"elementor-widget-container\">\n\t\t\t\t\t\t\t\t\t\t\t\t\t\t\t<img fetchpriority=\"high\" decoding=\"async\" width=\"1000\" height=\"666\" src=\"https:\/\/aguardio.com\/wp-content\/uploads\/2023\/06\/AGUARDIO-RELOJ.png\" class=\"attachment-full size-full wp-image-13091\" alt=\"\" srcset=\"https:\/\/aguardio.com\/wp-content\/uploads\/2023\/06\/AGUARDIO-RELOJ.png 1000w, https:\/\/aguardio.com\/wp-content\/uploads\/2023\/06\/AGUARDIO-RELOJ-300x200.png 300w, https:\/\/aguardio.com\/wp-content\/uploads\/2023\/06\/AGUARDIO-RELOJ-768x511.png 768w, https:\/\/aguardio.com\/wp-content\/uploads\/2023\/06\/AGUARDIO-RELOJ-930x620.png 930w\" sizes=\"(max-width: 1000px) 100vw, 1000px\" \/>\t\t\t\t\t\t\t\t\t\t\t\t\t\t\t<\/div>\n\t\t\t\t<\/div>\n\t\t\t\t\t<\/div>\n\t\t<\/div>\n\t\t\t\t<div class=\"elementor-column elementor-col-50 elementor-inner-column elementor-element elementor-element-705db66 elementor-invisible\" data-id=\"705db66\" data-element_type=\"column\" data-e-type=\"column\" data-settings=\"{&quot;animation&quot;:&quot;fadeInRight&quot;,&quot;animation_delay&quot;:500}\">\n\t\t\t<div class=\"elementor-widget-wrap elementor-element-populated\">\n\t\t\t\t\t\t<div class=\"elementor-element elementor-element-b33262a elementor-widget elementor-widget-heading\" data-id=\"b33262a\" data-element_type=\"widget\" data-e-type=\"widget\" data-widget_type=\"heading.default\">\n\t\t\t\t<div class=\"elementor-widget-container\">\n\t\t\t\t\t<h2 class=\"elementor-heading-title elementor-size-default\">\u00bfVencer\u00e1s al reloj?<\/h2>\t\t\t\t<\/div>\n\t\t\t\t<\/div>\n\t\t\t\t<div class=\"elementor-element elementor-element-dcfa35f elementor-widget elementor-widget-text-editor\" data-id=\"dcfa35f\" data-element_type=\"widget\" data-e-type=\"widget\" data-widget_type=\"text-editor.default\">\n\t\t\t\t<div class=\"elementor-widget-container\">\n\t\t\t\t\t\t\t\t\t<p><strong>La conservaci\u00f3n del agua empieza por ti. \u00a1Marca la diferencia!<\/strong><\/p>\n\t\t\t\t\t\t\t\t<\/div>\n\t\t\t\t<\/div>\n\t\t\t\t<div class=\"elementor-element elementor-element-7c1f27e elementor-hidden-desktop elementor-widget elementor-widget-spacer\" data-id=\"7c1f27e\" data-element_type=\"widget\" data-e-type=\"widget\" data-widget_type=\"spacer.default\">\n\t\t\t\t<div class=\"elementor-widget-container\">\n\t\t\t\t\t\t\t<div class=\"elementor-spacer\">\n\t\t\t<div class=\"elementor-spacer-inner\"><\/div>\n\t\t<\/div>\n\t\t\t\t\t\t<\/div>\n\t\t\t\t<\/div>\n\t\t\t\t\t<\/div>\n\t\t<\/div>\n\t\t\t\t\t<\/div>\n\t\t<\/section>\n\t\t\t\t<section class=\"elementor-section elementor-inner-section elementor-element elementor-element-4507a0a elementor-section-content-middle elementor-section-boxed elementor-section-height-default elementor-section-height-default\" data-id=\"4507a0a\" data-element_type=\"section\" data-e-type=\"section\">\n\t\t\t\t\t\t<div class=\"elementor-container elementor-column-gap-default\">\n\t\t\t\t\t<div class=\"elementor-column elementor-col-50 elementor-inner-column elementor-element elementor-element-16843b54\" data-id=\"16843b54\" data-element_type=\"column\" data-e-type=\"column\">\n\t\t\t<div class=\"elementor-widget-wrap elementor-element-populated\">\n\t\t\t\t\t\t<div class=\"elementor-element elementor-element-1f1b9799 elementor-invisible elementor-widget elementor-widget-image\" data-id=\"1f1b9799\" data-element_type=\"widget\" data-e-type=\"widget\" data-settings=\"{&quot;_animation&quot;:&quot;fadeInLeft&quot;}\" data-widget_type=\"image.default\">\n\t\t\t\t<div class=\"elementor-widget-container\">\n\t\t\t\t\t\t\t\t\t\t\t\t\t\t\t<img decoding=\"async\" width=\"1600\" height=\"1600\" data-src=\"https:\/\/aguardio.com\/wp-content\/uploads\/2023\/06\/shower-use-per-age.jpeg\" class=\"attachment-full size-full wp-image-13090 lazyload\" alt=\"\" data-srcset=\"https:\/\/aguardio.com\/wp-content\/uploads\/2023\/06\/shower-use-per-age.jpeg 1600w, https:\/\/aguardio.com\/wp-content\/uploads\/2023\/06\/shower-use-per-age-300x300.jpeg 300w, https:\/\/aguardio.com\/wp-content\/uploads\/2023\/06\/shower-use-per-age-1024x1024.jpeg 1024w, https:\/\/aguardio.com\/wp-content\/uploads\/2023\/06\/shower-use-per-age-150x150.jpeg 150w, https:\/\/aguardio.com\/wp-content\/uploads\/2023\/06\/shower-use-per-age-768x768.jpeg 768w, https:\/\/aguardio.com\/wp-content\/uploads\/2023\/06\/shower-use-per-age-1536x1536.jpeg 1536w\" data-sizes=\"(max-width: 1600px) 100vw, 1600px\" src=\"data:image\/svg+xml;base64,PHN2ZyB3aWR0aD0iMSIgaGVpZ2h0PSIxIiB4bWxucz0iaHR0cDovL3d3dy53My5vcmcvMjAwMC9zdmciPjwvc3ZnPg==\" style=\"--smush-placeholder-width: 1600px; --smush-placeholder-aspect-ratio: 1600\/1600;\" \/>\t\t\t\t\t\t\t\t\t\t\t\t\t\t\t<\/div>\n\t\t\t\t<\/div>\n\t\t\t\t\t<\/div>\n\t\t<\/div>\n\t\t\t\t<div class=\"elementor-column elementor-col-50 elementor-inner-column elementor-element elementor-element-26c4b399 elementor-invisible\" data-id=\"26c4b399\" data-element_type=\"column\" data-e-type=\"column\" data-settings=\"{&quot;animation&quot;:&quot;fadeInRight&quot;,&quot;animation_delay&quot;:500}\">\n\t\t\t<div class=\"elementor-widget-wrap elementor-element-populated\">\n\t\t\t\t\t\t<div class=\"elementor-element elementor-element-61bdb8b elementor-widget elementor-widget-heading\" data-id=\"61bdb8b\" data-element_type=\"widget\" data-e-type=\"widget\" data-widget_type=\"heading.default\">\n\t\t\t\t<div class=\"elementor-widget-container\">\n\t\t\t\t\t<h2 class=\"elementor-heading-title elementor-size-default\">Ideas para la ducha:<\/h2>\t\t\t\t<\/div>\n\t\t\t\t<\/div>\n\t\t\t\t<div class=\"elementor-element elementor-element-cd46038 elementor-widget elementor-widget-text-editor\" data-id=\"cd46038\" data-element_type=\"widget\" data-e-type=\"widget\" data-widget_type=\"text-editor.default\">\n\t\t\t\t<div class=\"elementor-widget-container\">\n\t\t\t\t\t\t\t\t\t<ul>\n<li>\u00a1\u00a1Un gran ahorro de agua y energ\u00eda cuando acortas la ducha 2 \u00f3 3 minutos!!<\/li>\n<li>Un hogar puede ahorrar entre 200 y 800 EUR al a\u00f1o.<\/li>\n<li>Consumo de agua: Una alcachofa de ducha suele tener un caudal de 12 litros de agua por minuto, pero los distintos tipos suelen variar entre 8 y 20 litros por minuto.<\/li>\n<li>Ahorra un 20% de agua haciendo una pausa mientras utilizas el jab\u00f3n o el champ\u00fa.<\/li>\n<li>Por t\u00e9rmino medio, \u00a1las mujeres tienen el agua corriendo menos tiempo que los hombres! Por ejemplo, \u00a1las mujeres suelen cerrar el grifo con mayor facilidad al usar el jab\u00f3n! \u00bfQui\u00e9n es m\u00e1s listo duch\u00e1ndose?\n<p>M\u00e1s informaci\u00f3n y resultados cient\u00edficos: <a class=\"ProsemirrorEditor-link\" href=\"http:\/\/www.showeringsmartly.com\/\">www.showeringsmartly.com<\/a><\/p>\n<\/li>\n<\/ul>\n\t\t\t\t\t\t\t\t<\/div>\n\t\t\t\t<\/div>\n\t\t\t\t\t<\/div>\n\t\t<\/div>\n\t\t\t\t\t<\/div>\n\t\t<\/section>\n\t\t\t\t\t<\/div>\n\t\t<\/div>\n\t\t\t\t\t<\/div>\n\t\t<\/section>\n\t\t\t\t<\/div>\n\t\t","protected":false},"excerpt":{"rendered":"<p>Mi Aguardio \u00a1El agua es esencial para la vida! Una ducha r\u00e1pida aqu\u00ed hace correr el agua durante 3:30 minutos. El reloj se detendr\u00e1 si cierras el agua mientras te enjabonas o usas el champ\u00fa. \u00bfVencer\u00e1s al reloj? La conservaci\u00f3n del agua empieza por ti. \u00a1Marca la diferencia! Ideas para la ducha: \u00a1\u00a1Un gran ahorro&hellip;&nbsp;<a href=\"https:\/\/aguardio.com\/es\/mi-aguardio\/\" rel=\"bookmark\">Leer m\u00e1s &raquo;<span class=\"screen-reader-text\">Mi Aguardio<\/span><\/a><\/p>\n","protected":false},"author":1,"featured_media":0,"parent":0,"menu_order":0,"comment_status":"closed","ping_status":"closed","template":"page-templates\/template-pagebuilder-full-width.php","meta":{"neve_meta_sidebar":"","neve_meta_container":"","neve_meta_enable_content_width":"","neve_meta_content_width":0,"neve_meta_title_alignment":"","neve_meta_author_avatar":"","neve_post_elements_order":"","neve_meta_disable_header":"","neve_meta_disable_footer":"","neve_meta_disable_title":"","footnotes":""},"categories":[],"tags":[],"class_list":["post-13198","page","type-page","status-publish","hentry"],"yoast_head":"<!-- This site is optimized with the Yoast SEO plugin v27.3 - https:\/\/yoast.com\/product\/yoast-seo-wordpress\/ -->\n<title>Mi Aguardio - Aguardio<\/title>\n<meta name=\"robots\" content=\"index, follow, max-snippet:-1, max-image-preview:large, max-video-preview:-1\" \/>\n<link rel=\"canonical\" href=\"https:\/\/aguardio.com\/es\/mi-aguardio\/\" \/>\n<meta property=\"og:locale\" content=\"es_ES\" \/>\n<meta property=\"og:type\" content=\"article\" \/>\n<meta property=\"og:title\" content=\"Mi Aguardio - Aguardio\" \/>\n<meta property=\"og:description\" content=\"Mi Aguardio \u00a1El agua es esencial para la vida! Una ducha r\u00e1pida aqu\u00ed hace correr el agua durante 3:30 minutos. El reloj se detendr\u00e1 si cierras el agua mientras te enjabonas o usas el champ\u00fa. \u00bfVencer\u00e1s al reloj? La conservaci\u00f3n del agua empieza por ti. \u00a1Marca la diferencia! Ideas para la ducha: \u00a1\u00a1Un gran ahorro&hellip;&nbsp;Leer m\u00e1s &raquo;Mi Aguardio\" \/>\n<meta property=\"og:url\" content=\"https:\/\/aguardio.com\/es\/mi-aguardio\/\" \/>\n<meta property=\"og:site_name\" content=\"Aguardio\" \/>\n<meta property=\"article:publisher\" content=\"https:\/\/www.facebook.com\/aguardio\/\" \/>\n<meta property=\"article:modified_time\" content=\"2024-06-20T10:28:39+00:00\" \/>\n<meta property=\"og:image\" content=\"https:\/\/aguardio.com\/wp-content\/uploads\/2023\/06\/AGUARDIO-RELOJ.png\" \/>\n<meta name=\"twitter:card\" content=\"summary_large_image\" \/>\n<meta name=\"twitter:label1\" content=\"Tiempo de lectura\" \/>\n\t<meta name=\"twitter:data1\" content=\"1 minuto\" \/>\n<script type=\"application\/ld+json\" class=\"yoast-schema-graph\">{\"@context\":\"https:\\\/\\\/schema.org\",\"@graph\":[{\"@type\":\"WebPage\",\"@id\":\"https:\\\/\\\/aguardio.com\\\/es\\\/mi-aguardio\\\/\",\"url\":\"https:\\\/\\\/aguardio.com\\\/es\\\/mi-aguardio\\\/\",\"name\":\"Mi Aguardio - Aguardio\",\"isPartOf\":{\"@id\":\"https:\\\/\\\/aguardio.com\\\/#website\"},\"primaryImageOfPage\":{\"@id\":\"https:\\\/\\\/aguardio.com\\\/es\\\/mi-aguardio\\\/#primaryimage\"},\"image\":{\"@id\":\"https:\\\/\\\/aguardio.com\\\/es\\\/mi-aguardio\\\/#primaryimage\"},\"thumbnailUrl\":\"https:\\\/\\\/aguardio.com\\\/wp-content\\\/uploads\\\/2023\\\/06\\\/AGUARDIO-RELOJ.png\",\"datePublished\":\"2023-06-22T11:13:07+00:00\",\"dateModified\":\"2024-06-20T10:28:39+00:00\",\"inLanguage\":\"es\",\"potentialAction\":[{\"@type\":\"ReadAction\",\"target\":[\"https:\\\/\\\/aguardio.com\\\/es\\\/mi-aguardio\\\/\"]}]},{\"@type\":\"ImageObject\",\"inLanguage\":\"es\",\"@id\":\"https:\\\/\\\/aguardio.com\\\/es\\\/mi-aguardio\\\/#primaryimage\",\"url\":\"https:\\\/\\\/aguardio.com\\\/wp-content\\\/uploads\\\/2023\\\/06\\\/AGUARDIO-RELOJ.png\",\"contentUrl\":\"https:\\\/\\\/aguardio.com\\\/wp-content\\\/uploads\\\/2023\\\/06\\\/AGUARDIO-RELOJ.png\"},{\"@type\":\"WebSite\",\"@id\":\"https:\\\/\\\/aguardio.com\\\/#website\",\"url\":\"https:\\\/\\\/aguardio.com\\\/\",\"name\":\"Aguardio\",\"description\":\"Reduzca el consumo de agua de la ducha hasta un 30% y detecte fugas en los inodoros para ahorrar agua y energ\u00eda, ahorrar dinero en las facturas de los servicios p\u00fablicos y vivir de forma m\u00e1s sostenible.\",\"publisher\":{\"@id\":\"https:\\\/\\\/aguardio.com\\\/#organization\"},\"alternateName\":\"Aguardio Shower and Toilet Leak Sensors\",\"potentialAction\":[{\"@type\":\"SearchAction\",\"target\":{\"@type\":\"EntryPoint\",\"urlTemplate\":\"https:\\\/\\\/aguardio.com\\\/?s={search_term_string}\"},\"query-input\":{\"@type\":\"PropertyValueSpecification\",\"valueRequired\":true,\"valueName\":\"search_term_string\"}}],\"inLanguage\":\"es\"},{\"@type\":\"Organization\",\"@id\":\"https:\\\/\\\/aguardio.com\\\/#organization\",\"name\":\"Aguardio ApS\",\"url\":\"https:\\\/\\\/aguardio.com\\\/\",\"logo\":{\"@type\":\"ImageObject\",\"inLanguage\":\"es\",\"@id\":\"https:\\\/\\\/aguardio.com\\\/#\\\/schema\\\/logo\\\/image\\\/\",\"url\":\"https:\\\/\\\/aguardio.com\\\/wp-content\\\/uploads\\\/2023\\\/05\\\/aguardio-logo.png\",\"contentUrl\":\"https:\\\/\\\/aguardio.com\\\/wp-content\\\/uploads\\\/2023\\\/05\\\/aguardio-logo.png\",\"width\":512,\"height\":131,\"caption\":\"Aguardio ApS\"},\"image\":{\"@id\":\"https:\\\/\\\/aguardio.com\\\/#\\\/schema\\\/logo\\\/image\\\/\"},\"sameAs\":[\"https:\\\/\\\/www.facebook.com\\\/aguardio\\\/\",\"https:\\\/\\\/www.linkedin.com\\\/company\\\/aguardio\\\/\",\"https:\\\/\\\/www.youtube.com\\\/@aguardio8958\\\/videos\",\"https:\\\/\\\/www.instagram.com\\\/aguardio_official\\\/\"]}]}<\/script>\n<!-- \/ Yoast SEO plugin. -->","yoast_head_json":{"title":"Mi Aguardio - Aguardio","robots":{"index":"index","follow":"follow","max-snippet":"max-snippet:-1","max-image-preview":"max-image-preview:large","max-video-preview":"max-video-preview:-1"},"canonical":"https:\/\/aguardio.com\/es\/mi-aguardio\/","og_locale":"es_ES","og_type":"article","og_title":"Mi Aguardio - Aguardio","og_description":"Mi Aguardio \u00a1El agua es esencial para la vida! Una ducha r\u00e1pida aqu\u00ed hace correr el agua durante 3:30 minutos. El reloj se detendr\u00e1 si cierras el agua mientras te enjabonas o usas el champ\u00fa. \u00bfVencer\u00e1s al reloj? La conservaci\u00f3n del agua empieza por ti. \u00a1Marca la diferencia! Ideas para la ducha: \u00a1\u00a1Un gran ahorro&hellip;&nbsp;Leer m\u00e1s &raquo;Mi Aguardio","og_url":"https:\/\/aguardio.com\/es\/mi-aguardio\/","og_site_name":"Aguardio","article_publisher":"https:\/\/www.facebook.com\/aguardio\/","article_modified_time":"2024-06-20T10:28:39+00:00","og_image":[{"url":"https:\/\/aguardio.com\/wp-content\/uploads\/2023\/06\/AGUARDIO-RELOJ.png","type":"","width":"","height":""}],"twitter_card":"summary_large_image","twitter_misc":{"Tiempo de lectura":"1 minuto"},"schema":{"@context":"https:\/\/schema.org","@graph":[{"@type":"WebPage","@id":"https:\/\/aguardio.com\/es\/mi-aguardio\/","url":"https:\/\/aguardio.com\/es\/mi-aguardio\/","name":"Mi Aguardio - Aguardio","isPartOf":{"@id":"https:\/\/aguardio.com\/#website"},"primaryImageOfPage":{"@id":"https:\/\/aguardio.com\/es\/mi-aguardio\/#primaryimage"},"image":{"@id":"https:\/\/aguardio.com\/es\/mi-aguardio\/#primaryimage"},"thumbnailUrl":"https:\/\/aguardio.com\/wp-content\/uploads\/2023\/06\/AGUARDIO-RELOJ.png","datePublished":"2023-06-22T11:13:07+00:00","dateModified":"2024-06-20T10:28:39+00:00","inLanguage":"es","potentialAction":[{"@type":"ReadAction","target":["https:\/\/aguardio.com\/es\/mi-aguardio\/"]}]},{"@type":"ImageObject","inLanguage":"es","@id":"https:\/\/aguardio.com\/es\/mi-aguardio\/#primaryimage","url":"https:\/\/aguardio.com\/wp-content\/uploads\/2023\/06\/AGUARDIO-RELOJ.png","contentUrl":"https:\/\/aguardio.com\/wp-content\/uploads\/2023\/06\/AGUARDIO-RELOJ.png"},{"@type":"WebSite","@id":"https:\/\/aguardio.com\/#website","url":"https:\/\/aguardio.com\/","name":"Aguardio","description":"Reduzca el consumo de agua de la ducha hasta un 30% y detecte fugas en los inodoros para ahorrar agua y energ\u00eda, ahorrar dinero en las facturas de los servicios p\u00fablicos y vivir de forma m\u00e1s sostenible.","publisher":{"@id":"https:\/\/aguardio.com\/#organization"},"alternateName":"Aguardio Shower and Toilet Leak Sensors","potentialAction":[{"@type":"SearchAction","target":{"@type":"EntryPoint","urlTemplate":"https:\/\/aguardio.com\/?s={search_term_string}"},"query-input":{"@type":"PropertyValueSpecification","valueRequired":true,"valueName":"search_term_string"}}],"inLanguage":"es"},{"@type":"Organization","@id":"https:\/\/aguardio.com\/#organization","name":"Aguardio ApS","url":"https:\/\/aguardio.com\/","logo":{"@type":"ImageObject","inLanguage":"es","@id":"https:\/\/aguardio.com\/#\/schema\/logo\/image\/","url":"https:\/\/aguardio.com\/wp-content\/uploads\/2023\/05\/aguardio-logo.png","contentUrl":"https:\/\/aguardio.com\/wp-content\/uploads\/2023\/05\/aguardio-logo.png","width":512,"height":131,"caption":"Aguardio ApS"},"image":{"@id":"https:\/\/aguardio.com\/#\/schema\/logo\/image\/"},"sameAs":["https:\/\/www.facebook.com\/aguardio\/","https:\/\/www.linkedin.com\/company\/aguardio\/","https:\/\/www.youtube.com\/@aguardio8958\/videos","https:\/\/www.instagram.com\/aguardio_official\/"]}]}},"_links":{"self":[{"href":"https:\/\/aguardio.com\/es\/wp-json\/wp\/v2\/pages\/13198","targetHints":{"allow":["GET"]}}],"collection":[{"href":"https:\/\/aguardio.com\/es\/wp-json\/wp\/v2\/pages"}],"about":[{"href":"https:\/\/aguardio.com\/es\/wp-json\/wp\/v2\/types\/page"}],"author":[{"embeddable":true,"href":"https:\/\/aguardio.com\/es\/wp-json\/wp\/v2\/users\/1"}],"replies":[{"embeddable":true,"href":"https:\/\/aguardio.com\/es\/wp-json\/wp\/v2\/comments?post=13198"}],"version-history":[{"count":0,"href":"https:\/\/aguardio.com\/es\/wp-json\/wp\/v2\/pages\/13198\/revisions"}],"wp:attachment":[{"href":"https:\/\/aguardio.com\/es\/wp-json\/wp\/v2\/media?parent=13198"}],"wp:term":[{"taxonomy":"category","embeddable":true,"href":"https:\/\/aguardio.com\/es\/wp-json\/wp\/v2\/categories?post=13198"},{"taxonomy":"post_tag","embeddable":true,"href":"https:\/\/aguardio.com\/es\/wp-json\/wp\/v2\/tags?post=13198"}],"curies":[{"name":"wp","href":"https:\/\/api.w.org\/{rel}","templated":true}]}}