{"id":13185,"date":"2023-03-21T20:35:24","date_gmt":"2023-03-21T20:35:24","guid":{"rendered":"https:\/\/aguardio.com\/cookies-y-privacidad\/"},"modified":"2024-06-19T13:23:12","modified_gmt":"2024-06-19T13:23:12","slug":"cookies-y-privacidad","status":"publish","type":"page","link":"https:\/\/aguardio.com\/es\/cookies-y-privacidad\/","title":{"rendered":"Cookies y privacidad"},"content":{"rendered":"\t\t<div data-elementor-type=\"wp-page\" data-elementor-id=\"13185\" class=\"elementor elementor-13185 elementor-3\" data-elementor-post-type=\"page\">\n\t\t\t\t\t\t<section class=\"elementor-section elementor-top-section elementor-element elementor-element-2260831 elementor-section-full_width elementor-section-height-default elementor-section-height-default\" data-id=\"2260831\" data-element_type=\"section\" data-e-type=\"section\" data-settings=\"{&quot;background_background&quot;:&quot;classic&quot;}\">\n\t\t\t\t\t\t\t<div class=\"elementor-background-overlay\"><\/div>\n\t\t\t\t\t\t\t<div class=\"elementor-container elementor-column-gap-default\">\n\t\t\t\t\t<div class=\"elementor-column elementor-col-100 elementor-top-column elementor-element elementor-element-d8bb777\" data-id=\"d8bb777\" data-element_type=\"column\" data-e-type=\"column\">\n\t\t\t<div class=\"elementor-widget-wrap elementor-element-populated\">\n\t\t\t\t\t\t<section class=\"elementor-section elementor-inner-section elementor-element elementor-element-397d378 elementor-section-boxed elementor-section-height-default elementor-section-height-default\" data-id=\"397d378\" data-element_type=\"section\" data-e-type=\"section\">\n\t\t\t\t\t\t<div class=\"elementor-container elementor-column-gap-default\">\n\t\t\t\t\t<div class=\"elementor-column elementor-col-100 elementor-inner-column elementor-element elementor-element-3ab37db\" data-id=\"3ab37db\" data-element_type=\"column\" data-e-type=\"column\">\n\t\t\t<div class=\"elementor-widget-wrap elementor-element-populated\">\n\t\t\t\t\t\t<div class=\"elementor-element elementor-element-bff8a17 elementor-widget elementor-widget-spacer\" data-id=\"bff8a17\" data-element_type=\"widget\" data-e-type=\"widget\" data-widget_type=\"spacer.default\">\n\t\t\t\t<div class=\"elementor-widget-container\">\n\t\t\t\t\t\t\t<div class=\"elementor-spacer\">\n\t\t\t<div class=\"elementor-spacer-inner\"><\/div>\n\t\t<\/div>\n\t\t\t\t\t\t<\/div>\n\t\t\t\t<\/div>\n\t\t\t\t<div class=\"elementor-element elementor-element-a293fc4 elementor-widget__width-initial elementor-widget elementor-widget-heading\" data-id=\"a293fc4\" data-element_type=\"widget\" data-e-type=\"widget\" data-widget_type=\"heading.default\">\n\t\t\t\t<div class=\"elementor-widget-container\">\n\t\t\t\t\t<h1 class=\"elementor-heading-title elementor-size-default\">Cookies y privacidad<\/h1>\t\t\t\t<\/div>\n\t\t\t\t<\/div>\n\t\t\t\t\t<\/div>\n\t\t<\/div>\n\t\t\t\t\t<\/div>\n\t\t<\/section>\n\t\t\t\t\t<\/div>\n\t\t<\/div>\n\t\t\t\t\t<\/div>\n\t\t<\/section>\n\t\t\t\t<section class=\"elementor-section elementor-top-section elementor-element elementor-element-f988cf4 elementor-section-full_width elementor-section-height-default elementor-section-height-default\" data-id=\"f988cf4\" data-element_type=\"section\" data-e-type=\"section\">\n\t\t\t\t\t\t<div class=\"elementor-container elementor-column-gap-default\">\n\t\t\t\t\t<div class=\"elementor-column elementor-col-100 elementor-top-column elementor-element elementor-element-cd09cec\" data-id=\"cd09cec\" data-element_type=\"column\" data-e-type=\"column\">\n\t\t\t<div class=\"elementor-widget-wrap elementor-element-populated\">\n\t\t\t\t\t\t<section class=\"elementor-section elementor-inner-section elementor-element elementor-element-00dabda elementor-section-boxed elementor-section-height-default elementor-section-height-default\" data-id=\"00dabda\" data-element_type=\"section\" data-e-type=\"section\">\n\t\t\t\t\t\t<div class=\"elementor-container elementor-column-gap-default\">\n\t\t\t\t\t<div class=\"elementor-column elementor-col-100 elementor-inner-column elementor-element elementor-element-c5f399b\" data-id=\"c5f399b\" data-element_type=\"column\" data-e-type=\"column\">\n\t\t\t<div class=\"elementor-widget-wrap elementor-element-populated\">\n\t\t\t\t\t\t<div class=\"elementor-element elementor-element-68e0aef elementor-widget elementor-widget-text-editor\" data-id=\"68e0aef\" data-element_type=\"widget\" data-e-type=\"widget\" data-widget_type=\"text-editor.default\">\n\t\t\t\t<div class=\"elementor-widget-container\">\n\t\t\t\t\t\t\t\t\t<p><strong>Introducci\u00f3n<br><\/strong>Cuando visitas nuestra p\u00e1gina web, se recopila informaci\u00f3n sobre ti para personalizar y mejorar nuestro contenido y para aumentar el valor de los anuncios mostrados en la p\u00e1gina. Si no deseas que recopilemos informaci\u00f3n, debes eliminar las cookies<a href=\"http:\/\/minecookies.org\/cookiehandtering\/\">(ver instrucciones<\/a>) y evitar seguir utilizando el sitio. A continuaci\u00f3n puedes consultar la informaci\u00f3n que recopilamos, los fines y qu\u00e9 terceros tienen acceso a la informaci\u00f3n.<\/p>\n<hr>\n<p><strong>Cookies<br><\/strong>El sitio web utiliza \u00abcookies\u00bb, que son archivos de texto almacenados en tu ordenador, m\u00f3vil u otro dispositivo similar. Las cookies se utilizan con el fin de reconocer tu dispositivo, recordar ajustes, realizar estad\u00edsticas y orientar anuncios. Las cookies no pueden contener ning\u00fan c\u00f3digo da\u00f1ino, como un virus. Es posible eliminar o bloquear las cookies. Consulta la gu\u00eda: <a href=\"http:\/\/minecookies.org\/cookiehandtering\">http:\/\/minecookies.org\/cookiehandtering<\/a>.<\/p>\n<p>Si eliminas o bloqueas las cookies, los anuncios pueden ser menos relevantes para ti y aparecer con mayor frecuencia. Adem\u00e1s, puedes arriesgarte a que el sitio no funcione correctamente y a que haya contenidos a los que no puedas acceder.<\/p>\n<hr>\n<p><strong>General<br><\/strong>La informaci\u00f3n personal es cualquier tipo de informaci\u00f3n que se te pueda atribuir en cierta medida. Al utilizar nuestro sitio web, recogemos y procesamos una serie de datos de este tipo. Esto ocurre, por ejemplo, si te suscribes a nuestro bolet\u00edn de noticias, participas en concursos o encuestas, te registras como usuario o suscriptor, utilizas los servicios o realizas compras a trav\u00e9s del sitio web. Normalmente recogemos y procesamos los siguientes tipos de informaci\u00f3n: Un identificador \u00fanico e informaci\u00f3n t\u00e9cnica sobre tu ordenador, tableta o tel\u00e9fono m\u00f3vil, tu n\u00famero IP, ubicaci\u00f3n geogr\u00e1fica y las p\u00e1ginas en las que haces clic (intereses). En la medida en que consientas expl\u00edcitamente en ello e incluso introduzcas la informaci\u00f3n, tambi\u00e9n ser\u00e1s objeto de tratamiento: Nombre, n\u00famero de tel\u00e9fono, correo electr\u00f3nico, direcci\u00f3n y datos de pago. Normalmente estar\u00e1 asociado a la creaci\u00f3n de un inicio de sesi\u00f3n o a una compra.<\/p>\n<hr>\n<p><strong>Seguridad<br><\/strong>Hemos tomado medidas t\u00e9cnicas y organizativas contra el hecho de que tu informaci\u00f3n sea accidental o ilegalmente borrada, publicada, perdida, deteriorada o llegue a conocimiento de una persona, mal utilizada o tratada de cualquier otra forma que infrinja la ley.<\/p>\n<hr>\n<p><strong>Finalidad<br><\/strong>La informaci\u00f3n se utiliza para identificarte como usuario y mostrarte los anuncios que tengan m\u00e1s probabilidades de ser relevantes para ti, para registrar tus compras y pagos, y para prestar los servicios que hayas solicitado, como el env\u00edo de un bolet\u00edn informativo. Adem\u00e1s, utilizamos la informaci\u00f3n para optimizar nuestros servicios y contenidos.<\/p>\n<hr>\n<p><strong>Per\u00edodo de almacenamiento<br><\/strong>Los datos se conservan durante el tiempo permitido por la ley y los eliminamos cuando ya no son necesarios. El plazo depende de la naturaleza de la informaci\u00f3n y del fondo de almacenamiento. Por lo tanto, no es posible especificar un plazo general para la eliminaci\u00f3n de la informaci\u00f3n.<\/p>\n<hr>\n<p><strong>Transmisi\u00f3n de informaci\u00f3n<br><\/strong>Los datos sobre tu uso del sitio web, los anuncios que recibes y, en su caso, sobre los que haces clic, la ubicaci\u00f3n geogr\u00e1fica, el sexo y el segmento de edad, etc., se divulgar\u00e1n a terceros en la medida en que se conozca esta informaci\u00f3n. La informaci\u00f3n se utiliza para orientar la publicidad. Adem\u00e1s, recurrimos a terceros para almacenar y procesar datos. \u00c9stos s\u00f3lo tratan la informaci\u00f3n en nuestro nombre y no pueden utilizarla para sus propios fines. La divulgaci\u00f3n de informaci\u00f3n personal como el nombre, el correo electr\u00f3nico, etc., s\u00f3lo se producir\u00e1 si das tu consentimiento. S\u00f3lo utilizamos procesamiento de datos en la UE o en pa\u00edses que puedan proporcionar a tu informaci\u00f3n una protecci\u00f3n adecuada.<\/p>\n<hr>\n<p><strong>Informaci\u00f3n y reclamaciones<br><\/strong>Tienes derecho a saber qu\u00e9 informaci\u00f3n personal procesamos sobre ti. Tambi\u00e9n puedes oponerte al uso de la informaci\u00f3n en cualquier momento. Tambi\u00e9n puedes revocar tu consentimiento para procesar informaci\u00f3n sobre ti. Si la informaci\u00f3n procesada sobre ti es incorrecta, tienes derecho a corregirla o eliminarla. Ponte en contacto con: hello@aguardio.com. Si quieres quejarte de nuestro tratamiento de tus datos personales, tambi\u00e9n tienes la posibilidad de ponerte en contacto con la Agencia de Protecci\u00f3n de Datos.<\/p>\n<hr>\n<p><strong>GDPR<br><\/strong>Desde el<sup>25<\/sup> de mayo de 2018, Europa cuenta con una nueva ley com\u00fan sobre el tratamiento de datos personales: el Reglamento General de Protecci\u00f3n de Datos (GDPR). El objetivo de la nueva legislaci\u00f3n es reforzar la protecci\u00f3n de los datos personales de los individuos. Es importante para Aguardio ApS proteger la informaci\u00f3n personal de nuestros clientes y otros colaboradores de la forma m\u00e1s segura posible y cumplir con la normativa del GDPR. Esto significa que tienes derecho a solicitar la comprensi\u00f3n, retractaci\u00f3n o eliminaci\u00f3n de tu informaci\u00f3n personal. Tambi\u00e9n tienes derecho a oponerte o limitar el tratamiento de tus datos personales.<\/p>\n<hr>\n<p><strong>Responsable del tratamiento<br><\/strong>Aguardio ApS<br>Casa de la Innovaci\u00f3n en IA<br>Innovations All\u00e9 3, 1.<br>7100 Vejle, Dinamarca<br>CVR: 38512048<\/p>\n<p>Como cliente o colaborador y destinatario de nuestros boletines, aceptas que tus datos sean tratados por nuestros servidores de datos. Aceptas con tu asociaci\u00f3n o relaci\u00f3n de cliente y\/o tu inscripci\u00f3n a nuestro bolet\u00edn de noticias la aceptaci\u00f3n para ello. Nuestros proveedores de servicios inform\u00e1ticos han tomado las medidas de seguridad t\u00e9cnicas y organizativas necesarias contra el hecho de que tu informaci\u00f3n se destruya, se pierda o se deteriore de forma accidental o ilegal y contra el conocimiento de la persona no autorizada, se utilice indebidamente o se trate de cualquier otra forma que infrinja el Tratamiento de Datos Personales. Todos los datos personales se procesan y almacenan electr\u00f3nicamente. Actualizamos y cambiamos la informaci\u00f3n personal continuamente como parte de nuestro trabajo.<\/p>\n<p>Conservamos la siguiente informaci\u00f3n:<\/p>\n<ul>\n<li>Nombre de la empresa<\/li>\n<li>N\u00famero CVR de la empresa<\/li>\n<li>Direcci\u00f3n de la empresa<\/li>\n<li>C\u00f3digo postal y ciudad<\/li>\n<li>Nombre y correo electr\u00f3nico de contacto<\/li>\n<li>El n\u00famero de tel\u00e9fono del contacto<\/li>\n<li>N\u00famero de RCP de la persona de contacto si la empresa a\u00fan no est\u00e1 registrada en la CVR<\/li>\n<\/ul>\n<hr>\n<p><strong>Bolet\u00edn<br><\/strong>S\u00f3lo almacenamos tu nombre, apellidos, direcci\u00f3n de correo electr\u00f3nico y, posiblemente, el nombre de tu empresa para los destinatarios de nuestro bolet\u00edn. Siempre puedes darte de baja o actualizar tu informaci\u00f3n. Para ello, sigue los enlaces que encontrar\u00e1s al final del bolet\u00edn. La informaci\u00f3n se utiliza para la preparaci\u00f3n de boletines, facturaci\u00f3n, llamadas telef\u00f3nicas, correo directo.<\/p>\n<hr>\n<p><strong>Supresi\u00f3n de datos<br><\/strong>Tienes derecho a solicitar en cualquier momento la visi\u00f3n, rectificaci\u00f3n o supresi\u00f3n de la informaci\u00f3n que tenemos sobre ti y tu empresa. Tambi\u00e9n tienes derecho a oponerte o limitar el tratamiento de tus datos personales. Los datos personales que ya no se utilicen o que ya no sean relevantes para nuestro trabajo se eliminar\u00e1n al cabo de seis meses. Sin embargo, los correos electr\u00f3nicos enviados y recibidos se eliminar\u00e1n al cabo de 3 meses, a menos que haya motivos para conservarlos debido a proyectos de colaboraci\u00f3n en curso o similares.<\/p>\n<hr>\n<p><strong>Tus derechos<br><\/strong>Tienes derecho a solicitar la visi\u00f3n, rectificaci\u00f3n o supresi\u00f3n de tus datos personales. Tienes derecho a oponerte al tratamiento de tus datos personales y a limitar dicho tratamiento. Si el tratamiento de tus datos personales se basa en tu consentimiento, tienes derecho a revocarlo en cualquier momento. Tu revocaci\u00f3n no afectar\u00e1 a la legalidad del tratamiento realizado antes de la retirada de tu consentimiento. Tienes un derecho incondicional a oponerte al tratamiento de tus datos personales con fines de marketing. Tienes derecho a recibir la informaci\u00f3n personal que has proporcionado en un formato estructurado, de uso com\u00fan y legible mec\u00e1nicamente. Tienes derecho a presentar una reclamaci\u00f3n ante una autoridad de protecci\u00f3n de datos, por ejemplo, la Agencia de Protecci\u00f3n de Datos. Nos reservamos el derecho a cambiar las directrices para procesar tu informaci\u00f3n personal. En caso de cambios significativos, te lo notificaremos mediante una actualizaci\u00f3n visible en nuestro sitio web.<\/p>\n<hr>\n<p><strong>Editor<br><\/strong>El sitio web es propiedad de y est\u00e1 publicado por:<br>Aguardio ApS<br>CVR: 38512048<br>Casa Tecnol\u00f3gica Verde<br>Lysholt All\u00e9 6<br>7100 Vejle, Dinamarca<br>Tel: +45 22 91 98 86<br>Correo electr\u00f3nico: hello@aguardio.com<\/p>\t\t\t\t\t\t\t\t<\/div>\n\t\t\t\t<\/div>\n\t\t\t\t\t<\/div>\n\t\t<\/div>\n\t\t\t\t\t<\/div>\n\t\t<\/section>\n\t\t\t\t\t<\/div>\n\t\t<\/div>\n\t\t\t\t\t<\/div>\n\t\t<\/section>\n\t\t\t\t<\/div>\n\t\t","protected":false},"excerpt":{"rendered":"<p>Cookies y privacidad Introducci\u00f3nCuando visitas nuestra p\u00e1gina web, se recopila informaci\u00f3n sobre ti para personalizar y mejorar nuestro contenido y para aumentar el valor de los anuncios mostrados en la p\u00e1gina. Si no deseas que recopilemos informaci\u00f3n, debes eliminar las cookies(ver instrucciones) y evitar seguir utilizando el sitio. A continuaci\u00f3n puedes consultar la informaci\u00f3n que&hellip;&nbsp;<a href=\"https:\/\/aguardio.com\/es\/cookies-y-privacidad\/\" rel=\"bookmark\">Leer m\u00e1s &raquo;<span class=\"screen-reader-text\">Cookies y privacidad<\/span><\/a><\/p>\n","protected":false},"author":1,"featured_media":0,"parent":0,"menu_order":0,"comment_status":"closed","ping_status":"closed","template":"page-templates\/template-pagebuilder-full-width.php","meta":{"neve_meta_sidebar":"","neve_meta_container":"","neve_meta_enable_content_width":"","neve_meta_content_width":0,"neve_meta_title_alignment":"","neve_meta_author_avatar":"","neve_post_elements_order":"","neve_meta_disable_header":"","neve_meta_disable_footer":"","neve_meta_disable_title":"","footnotes":""},"categories":[],"tags":[],"class_list":["post-13185","page","type-page","status-publish","hentry"],"yoast_head":"<!-- This site is optimized with the Yoast SEO plugin v27.4 - https:\/\/yoast.com\/product\/yoast-seo-wordpress\/ -->\n<title>Cookies y privacidad - Aguardio<\/title>\n<meta name=\"robots\" content=\"index, follow, max-snippet:-1, max-image-preview:large, max-video-preview:-1\" \/>\n<link rel=\"canonical\" href=\"https:\/\/aguardio.com\/es\/cookies-y-privacidad\/\" \/>\n<meta property=\"og:locale\" content=\"es_ES\" \/>\n<meta property=\"og:type\" content=\"article\" \/>\n<meta property=\"og:title\" content=\"Cookies y privacidad - Aguardio\" \/>\n<meta property=\"og:description\" content=\"Cookies y privacidad Introducci\u00f3nCuando visitas nuestra p\u00e1gina web, se recopila informaci\u00f3n sobre ti para personalizar y mejorar nuestro contenido y para aumentar el valor de los anuncios mostrados en la p\u00e1gina. Si no deseas que recopilemos informaci\u00f3n, debes eliminar las cookies(ver instrucciones) y evitar seguir utilizando el sitio. A continuaci\u00f3n puedes consultar la informaci\u00f3n que&hellip;&nbsp;Leer m\u00e1s &raquo;Cookies y privacidad\" \/>\n<meta property=\"og:url\" content=\"https:\/\/aguardio.com\/es\/cookies-y-privacidad\/\" \/>\n<meta property=\"og:site_name\" content=\"Aguardio\" \/>\n<meta property=\"article:publisher\" content=\"https:\/\/www.facebook.com\/aguardio\/\" \/>\n<meta property=\"article:modified_time\" content=\"2024-06-19T13:23:12+00:00\" \/>\n<meta name=\"twitter:card\" content=\"summary_large_image\" \/>\n<meta name=\"twitter:label1\" content=\"Tiempo de lectura\" \/>\n\t<meta name=\"twitter:data1\" content=\"7 minutos\" \/>\n<script type=\"application\/ld+json\" class=\"yoast-schema-graph\">{\"@context\":\"https:\\\/\\\/schema.org\",\"@graph\":[{\"@type\":\"WebPage\",\"@id\":\"https:\\\/\\\/aguardio.com\\\/es\\\/cookies-y-privacidad\\\/\",\"url\":\"https:\\\/\\\/aguardio.com\\\/es\\\/cookies-y-privacidad\\\/\",\"name\":\"Cookies y privacidad - Aguardio\",\"isPartOf\":{\"@id\":\"https:\\\/\\\/aguardio.com\\\/#website\"},\"datePublished\":\"2023-03-21T20:35:24+00:00\",\"dateModified\":\"2024-06-19T13:23:12+00:00\",\"inLanguage\":\"es\",\"potentialAction\":[{\"@type\":\"ReadAction\",\"target\":[\"https:\\\/\\\/aguardio.com\\\/es\\\/cookies-y-privacidad\\\/\"]}]},{\"@type\":\"WebSite\",\"@id\":\"https:\\\/\\\/aguardio.com\\\/#website\",\"url\":\"https:\\\/\\\/aguardio.com\\\/\",\"name\":\"Aguardio\",\"description\":\"Reduzca el consumo de agua de la ducha hasta un 30% y detecte fugas en los inodoros para ahorrar agua y energ\u00eda, ahorrar dinero en las facturas de los servicios p\u00fablicos y vivir de forma m\u00e1s sostenible.\",\"publisher\":{\"@id\":\"https:\\\/\\\/aguardio.com\\\/#organization\"},\"alternateName\":\"Aguardio Shower and Toilet Leak Sensors\",\"potentialAction\":[{\"@type\":\"SearchAction\",\"target\":{\"@type\":\"EntryPoint\",\"urlTemplate\":\"https:\\\/\\\/aguardio.com\\\/?s={search_term_string}\"},\"query-input\":{\"@type\":\"PropertyValueSpecification\",\"valueRequired\":true,\"valueName\":\"search_term_string\"}}],\"inLanguage\":\"es\"},{\"@type\":\"Organization\",\"@id\":\"https:\\\/\\\/aguardio.com\\\/#organization\",\"name\":\"Aguardio ApS\",\"url\":\"https:\\\/\\\/aguardio.com\\\/\",\"logo\":{\"@type\":\"ImageObject\",\"inLanguage\":\"es\",\"@id\":\"https:\\\/\\\/aguardio.com\\\/#\\\/schema\\\/logo\\\/image\\\/\",\"url\":\"https:\\\/\\\/aguardio.com\\\/wp-content\\\/uploads\\\/2023\\\/05\\\/aguardio-logo.png\",\"contentUrl\":\"https:\\\/\\\/aguardio.com\\\/wp-content\\\/uploads\\\/2023\\\/05\\\/aguardio-logo.png\",\"width\":512,\"height\":131,\"caption\":\"Aguardio ApS\"},\"image\":{\"@id\":\"https:\\\/\\\/aguardio.com\\\/#\\\/schema\\\/logo\\\/image\\\/\"},\"sameAs\":[\"https:\\\/\\\/www.facebook.com\\\/aguardio\\\/\",\"https:\\\/\\\/www.linkedin.com\\\/company\\\/aguardio\\\/\",\"https:\\\/\\\/www.youtube.com\\\/@aguardio8958\\\/videos\",\"https:\\\/\\\/www.instagram.com\\\/aguardio_official\\\/\"]}]}<\/script>\n<!-- \/ Yoast SEO plugin. -->","yoast_head_json":{"title":"Cookies y privacidad - Aguardio","robots":{"index":"index","follow":"follow","max-snippet":"max-snippet:-1","max-image-preview":"max-image-preview:large","max-video-preview":"max-video-preview:-1"},"canonical":"https:\/\/aguardio.com\/es\/cookies-y-privacidad\/","og_locale":"es_ES","og_type":"article","og_title":"Cookies y privacidad - Aguardio","og_description":"Cookies y privacidad Introducci\u00f3nCuando visitas nuestra p\u00e1gina web, se recopila informaci\u00f3n sobre ti para personalizar y mejorar nuestro contenido y para aumentar el valor de los anuncios mostrados en la p\u00e1gina. Si no deseas que recopilemos informaci\u00f3n, debes eliminar las cookies(ver instrucciones) y evitar seguir utilizando el sitio. A continuaci\u00f3n puedes consultar la informaci\u00f3n que&hellip;&nbsp;Leer m\u00e1s &raquo;Cookies y privacidad","og_url":"https:\/\/aguardio.com\/es\/cookies-y-privacidad\/","og_site_name":"Aguardio","article_publisher":"https:\/\/www.facebook.com\/aguardio\/","article_modified_time":"2024-06-19T13:23:12+00:00","twitter_card":"summary_large_image","twitter_misc":{"Tiempo de lectura":"7 minutos"},"schema":{"@context":"https:\/\/schema.org","@graph":[{"@type":"WebPage","@id":"https:\/\/aguardio.com\/es\/cookies-y-privacidad\/","url":"https:\/\/aguardio.com\/es\/cookies-y-privacidad\/","name":"Cookies y privacidad - Aguardio","isPartOf":{"@id":"https:\/\/aguardio.com\/#website"},"datePublished":"2023-03-21T20:35:24+00:00","dateModified":"2024-06-19T13:23:12+00:00","inLanguage":"es","potentialAction":[{"@type":"ReadAction","target":["https:\/\/aguardio.com\/es\/cookies-y-privacidad\/"]}]},{"@type":"WebSite","@id":"https:\/\/aguardio.com\/#website","url":"https:\/\/aguardio.com\/","name":"Aguardio","description":"Reduzca el consumo de agua de la ducha hasta un 30% y detecte fugas en los inodoros para ahorrar agua y energ\u00eda, ahorrar dinero en las facturas de los servicios p\u00fablicos y vivir de forma m\u00e1s sostenible.","publisher":{"@id":"https:\/\/aguardio.com\/#organization"},"alternateName":"Aguardio Shower and Toilet Leak Sensors","potentialAction":[{"@type":"SearchAction","target":{"@type":"EntryPoint","urlTemplate":"https:\/\/aguardio.com\/?s={search_term_string}"},"query-input":{"@type":"PropertyValueSpecification","valueRequired":true,"valueName":"search_term_string"}}],"inLanguage":"es"},{"@type":"Organization","@id":"https:\/\/aguardio.com\/#organization","name":"Aguardio ApS","url":"https:\/\/aguardio.com\/","logo":{"@type":"ImageObject","inLanguage":"es","@id":"https:\/\/aguardio.com\/#\/schema\/logo\/image\/","url":"https:\/\/aguardio.com\/wp-content\/uploads\/2023\/05\/aguardio-logo.png","contentUrl":"https:\/\/aguardio.com\/wp-content\/uploads\/2023\/05\/aguardio-logo.png","width":512,"height":131,"caption":"Aguardio ApS"},"image":{"@id":"https:\/\/aguardio.com\/#\/schema\/logo\/image\/"},"sameAs":["https:\/\/www.facebook.com\/aguardio\/","https:\/\/www.linkedin.com\/company\/aguardio\/","https:\/\/www.youtube.com\/@aguardio8958\/videos","https:\/\/www.instagram.com\/aguardio_official\/"]}]}},"_links":{"self":[{"href":"https:\/\/aguardio.com\/es\/wp-json\/wp\/v2\/pages\/13185","targetHints":{"allow":["GET"]}}],"collection":[{"href":"https:\/\/aguardio.com\/es\/wp-json\/wp\/v2\/pages"}],"about":[{"href":"https:\/\/aguardio.com\/es\/wp-json\/wp\/v2\/types\/page"}],"author":[{"embeddable":true,"href":"https:\/\/aguardio.com\/es\/wp-json\/wp\/v2\/users\/1"}],"replies":[{"embeddable":true,"href":"https:\/\/aguardio.com\/es\/wp-json\/wp\/v2\/comments?post=13185"}],"version-history":[{"count":0,"href":"https:\/\/aguardio.com\/es\/wp-json\/wp\/v2\/pages\/13185\/revisions"}],"wp:attachment":[{"href":"https:\/\/aguardio.com\/es\/wp-json\/wp\/v2\/media?parent=13185"}],"wp:term":[{"taxonomy":"category","embeddable":true,"href":"https:\/\/aguardio.com\/es\/wp-json\/wp\/v2\/categories?post=13185"},{"taxonomy":"post_tag","embeddable":true,"href":"https:\/\/aguardio.com\/es\/wp-json\/wp\/v2\/tags?post=13185"}],"curies":[{"name":"wp","href":"https:\/\/api.w.org\/{rel}","templated":true}]}}