{"id":13181,"date":"2023-05-14T23:29:54","date_gmt":"2023-05-14T23:29:54","guid":{"rendered":"https:\/\/aguardio.com\/aviso-de-privacidad-de-aguardio\/"},"modified":"2024-06-19T12:54:29","modified_gmt":"2024-06-19T12:54:29","slug":"aviso-de-privacidad-de-aguardio","status":"publish","type":"page","link":"https:\/\/aguardio.com\/es\/aviso-de-privacidad-de-aguardio\/","title":{"rendered":"Aviso de privacidad de Aguardio"},"content":{"rendered":"\t\t<div data-elementor-type=\"wp-page\" data-elementor-id=\"13181\" class=\"elementor elementor-13181 elementor-7279\" data-elementor-post-type=\"page\">\n\t\t\t\t\t\t<section class=\"elementor-section elementor-top-section elementor-element elementor-element-2260831 elementor-section-full_width elementor-section-height-default elementor-section-height-default\" data-id=\"2260831\" data-element_type=\"section\" data-e-type=\"section\" data-settings=\"{&quot;background_background&quot;:&quot;classic&quot;}\">\n\t\t\t\t\t\t\t<div class=\"elementor-background-overlay\"><\/div>\n\t\t\t\t\t\t\t<div class=\"elementor-container elementor-column-gap-default\">\n\t\t\t\t\t<div class=\"elementor-column elementor-col-100 elementor-top-column elementor-element elementor-element-d8bb777\" data-id=\"d8bb777\" data-element_type=\"column\" data-e-type=\"column\">\n\t\t\t<div class=\"elementor-widget-wrap elementor-element-populated\">\n\t\t\t\t\t\t<section class=\"elementor-section elementor-inner-section elementor-element elementor-element-397d378 elementor-section-boxed elementor-section-height-default elementor-section-height-default\" data-id=\"397d378\" data-element_type=\"section\" data-e-type=\"section\">\n\t\t\t\t\t\t<div class=\"elementor-container elementor-column-gap-default\">\n\t\t\t\t\t<div class=\"elementor-column elementor-col-100 elementor-inner-column elementor-element elementor-element-3ab37db\" data-id=\"3ab37db\" data-element_type=\"column\" data-e-type=\"column\">\n\t\t\t<div class=\"elementor-widget-wrap elementor-element-populated\">\n\t\t\t\t\t\t<div class=\"elementor-element elementor-element-bff8a17 elementor-widget elementor-widget-spacer\" data-id=\"bff8a17\" data-element_type=\"widget\" data-e-type=\"widget\" data-widget_type=\"spacer.default\">\n\t\t\t\t<div class=\"elementor-widget-container\">\n\t\t\t\t\t\t\t<div class=\"elementor-spacer\">\n\t\t\t<div class=\"elementor-spacer-inner\"><\/div>\n\t\t<\/div>\n\t\t\t\t\t\t<\/div>\n\t\t\t\t<\/div>\n\t\t\t\t<div class=\"elementor-element elementor-element-a293fc4 elementor-widget__width-initial elementor-widget elementor-widget-heading\" data-id=\"a293fc4\" data-element_type=\"widget\" data-e-type=\"widget\" data-widget_type=\"heading.default\">\n\t\t\t\t<div class=\"elementor-widget-container\">\n\t\t\t\t\t<h1 class=\"elementor-heading-title elementor-size-default\">Aviso de privacidad de Aguardio<\/h1>\t\t\t\t<\/div>\n\t\t\t\t<\/div>\n\t\t\t\t\t<\/div>\n\t\t<\/div>\n\t\t\t\t\t<\/div>\n\t\t<\/section>\n\t\t\t\t\t<\/div>\n\t\t<\/div>\n\t\t\t\t\t<\/div>\n\t\t<\/section>\n\t\t\t\t<section class=\"elementor-section elementor-top-section elementor-element elementor-element-f988cf4 elementor-section-full_width elementor-section-height-default elementor-section-height-default\" data-id=\"f988cf4\" data-element_type=\"section\" data-e-type=\"section\">\n\t\t\t\t\t\t<div class=\"elementor-container elementor-column-gap-default\">\n\t\t\t\t\t<div class=\"elementor-column elementor-col-100 elementor-top-column elementor-element elementor-element-cd09cec\" data-id=\"cd09cec\" data-element_type=\"column\" data-e-type=\"column\">\n\t\t\t<div class=\"elementor-widget-wrap elementor-element-populated\">\n\t\t\t\t\t\t<section class=\"elementor-section elementor-inner-section elementor-element elementor-element-00dabda elementor-section-boxed elementor-section-height-default elementor-section-height-default\" data-id=\"00dabda\" data-element_type=\"section\" data-e-type=\"section\">\n\t\t\t\t\t\t<div class=\"elementor-container elementor-column-gap-default\">\n\t\t\t\t\t<div class=\"elementor-column elementor-col-100 elementor-inner-column elementor-element elementor-element-c5f399b\" data-id=\"c5f399b\" data-element_type=\"column\" data-e-type=\"column\">\n\t\t\t<div class=\"elementor-widget-wrap elementor-element-populated\">\n\t\t\t\t\t\t<div class=\"elementor-element elementor-element-68e0aef elementor-widget elementor-widget-text-editor\" data-id=\"68e0aef\" data-element_type=\"widget\" data-e-type=\"widget\" data-widget_type=\"text-editor.default\">\n\t\t\t\t<div class=\"elementor-widget-container\">\n\t\t\t\t\t\t\t\t\t<h2>Aviso de privacidad de Aguardio<\/h2>\n<p><strong>Introducci\u00f3n<br \/><\/strong>Cuando recibimos datos personales tuyos, nos esforzamos por que conf\u00edes en que los procesamos de forma transparente y segura.<\/p>\n<p>Por esta raz\u00f3n, hemos desarrollado esta Pol\u00edtica de Privacidad para darte informaci\u00f3n sobre los tipos de datos que procesamos y c\u00f3mo los procesamos.<\/p>\n<p>La recogida y el tratamiento de los datos personales se llevar\u00e1n a cabo de conformidad con las normas y reglamentos aplicables y vigentes en cada momento, y s\u00f3lo trataremos los datos personales cuando exista una base jur\u00eddica suficiente para ello. Entendemos que s\u00f3lo podemos tratar los datos personales en la medida en que sea necesario en funci\u00f3n de la finalidad. Revisaremos peri\u00f3dicamente los datos personales registrados y eliminaremos los datos personales que ya no nos corresponda procesar.<\/p>\n<p>Este Aviso forma parte de la documentaci\u00f3n de Aguardio para el cumplimiento de las normas y reglamentos aplicables en materia de protecci\u00f3n de datos.<\/p>\n<p>Si tienes alguna pregunta sobre nuestro tratamiento de datos personales, ponte en contacto con nosotros.<\/p>\n<p><strong>Responsable del tratamiento<br \/><\/strong>La empresa responsable del tratamiento de tus datos personales es:<br \/>Aguardio ApS<br \/>c\/o El Manantial<br \/>Hasselager All\u00e9 8<br \/>8260 Viby J<br \/>Dinamarca<br \/>N\u00famero de registro mercantil dan\u00e9s 38512048<\/p>\n<hr>\n<p><strong>Categor\u00edas de interesados<br \/><\/strong>Usuarios finales del aparato.<\/p>\n<hr>\n<p><strong>Nuestras razones para tratar datos personales (Finalidad del tratamiento) y base<\/strong>jur\u00eddica <strong><br \/> Nuestro tratamiento de tus datos personales requiere una base jur\u00eddica.<\/strong><\/p>\n<p>Tratamos tus datos personales con el fin de hacer un seguimiento del consumo de agua para, a partir de los mismos, orientar o incitar al usuario final a ahorrar agua y energ\u00eda, y proteger el medio ambiente. Al conocer mejor el tiempo dedicado a ducharse, se puede prestar m\u00e1s atenci\u00f3n al consumo de agua como recurso escaso. Se trata de motivar un cambio en los h\u00e1bitos de consumo.<\/p>\n<hr>\n<p><strong>Categor\u00edas de datos<\/strong>personales <strong><br \/> El sensor Aguardio registra la hora de inicio y fin del consumo de agua, la temperatura y humedad ambiente por hora y la direcci\u00f3n de Control de Acceso al Medio (MAC).<\/strong><\/p>\n<p>Aguardio no conoce la direcci\u00f3n f\u00edsica del sensor.<\/p>\n<hr>\n<p><strong>Datos sensibles y datos de menores<br \/><\/strong>No registraremos datos personales sensibles, como datos personales sobre salud, creencias religiosas o pol\u00edticas, o similares. Tampoco procesamos informaci\u00f3n personal identificable relativa a ni\u00f1os.<\/p>\n<hr>\n<p><strong>Legitimidad (Base jur\u00eddica)<br \/><\/strong>Aguardio est\u00e1 obligado contractualmente a entregar los datos de los sensores a nuestros clientes, normalmente asociaciones de viviendas, empresas de suministro de agua, etc..<\/p>\n<p>Por lo tanto, el tratamiento es l\u00edcito en virtud del art\u00edculo 6, apartado 1, letra c), relativo a que el tratamiento es necesario para el cumplimiento de una obligaci\u00f3n jur\u00eddica a la que Aguardio est\u00e1 sujeto.<\/p>\n<hr>\n<p><strong>Datos de otras<\/strong>fuentes <strong><br \/> No recibimos ni procesamos datos personales de otras fuentes.<\/strong><\/p>\n<hr>\n<p><strong>Almacenamiento de datos<br \/><\/strong>Los datos de consumo de agua se almacenan para animar a los consumidores a reducir su consumo de agua.<\/p>\n<p>Los datos tambi\u00e9n se guardan para asegurarnos de que los datos consolidados son correctos y para desarrollar nuestros productos y servicios.<\/p>\n<p>Los datos consolidados de los sensores se almacenan mientras sea v\u00e1lida la finalidad concreta y, a partir de entonces, durante un tiempo limitado debido a nuestras rutinas de copia de seguridad y eliminaci\u00f3n determinadas a prop\u00f3sito.<\/p>\n<p>La unidad del sensor no guarda los datos durante m\u00e1s de uno o dos d\u00edas. Una vez al d\u00eda, la unidad accede a Internet para enviar datos sobre el tiempo de uso del agua, la temperatura y la humedad. Posteriormente, los datos de la unidad se borran a medida que se sobrescriben con nuevos datos.<\/p>\n<hr>\n<p><strong>Supresi\u00f3n<br \/><\/strong>Suprimimos los datos personales una vez cumplida la finalidad designada para su tratamiento o conservaci\u00f3n, o tan pronto como sea posible desde el momento en que te opongas a su uso, o cuando \u00e9ste ya no est\u00e9 legalmente permitido.<\/p>\n<hr>\n<p><strong>Procesador de<\/strong>datos <strong><br \/> Como parte de nuestros procedimientos operativos normales, damos acceso a Microsoft Azure Cloud para alojar nuestros sistemas.<\/strong> M\u00e1s informaci\u00f3n aqu\u00ed: https:\/\/azure.microsoft.com\/en-us\/explore\/trusted-cloud\/privacy<\/p>\n<p>El procesador de datos s\u00f3lo tiene acceso para prestarnos servicios o apoyo inform\u00e1tico. Como responsable del tratamiento, Aguardio ha establecido el marco para el acceso del responsable del tratamiento a los datos personales que tratamos. Los encargados del tratamiento no pueden utilizar los datos personales para sus propios fines de marketing u otros fines. Aguardio controla los datos. La conservaci\u00f3n de datos personales por parte del procesador de datos se rige por un acuerdo de procesamiento de datos. Esto incluye requisitos sobre un nivel adecuado de seguridad.<\/p>\n<hr>\n<p><strong>Divulgaci\u00f3n<br \/><\/strong>Divulgamos informaci\u00f3n personal a terceros s\u00f3lo cuando es necesario para los fines especificados y \u00fanicamente a las categor\u00edas de destinatarios identificadas.<\/p>\n<p>No revelamos datos personales con fines de marketing directo.<\/p>\n<p>En caso de venta o liquidaci\u00f3n por parte de Aguardio de cualquier parte de su negocio o activos, los datos personales podr\u00e1n ser compartidos, cumpliendo plenamente la normativa aplicable en materia de protecci\u00f3n de datos.<\/p>\n<hr>\n<p><strong>Seguridad<br \/><\/strong>Tratamos los datos de forma confidencial y de manera que se garantice la seguridad adecuada de los datos personales, incluidas las limitaciones t\u00e9cnicas y administrativas inform\u00e1ticas para impedir el acceso o el uso no autorizados de los datos personales que est\u00e1n bajo nuestra responsabilidad.<\/p>\n<p>Tambi\u00e9n hemos implementado medidas de seguridad t\u00e9cnicas y organizativas para proteger tus datos personales de la destrucci\u00f3n accidental o ilegal, la p\u00e9rdida, la alteraci\u00f3n, la divulgaci\u00f3n no autorizada o el acceso a datos personales transmitidos, almacenados o procesados de cualquier otra forma que infrinja la legislaci\u00f3n sobre datos personales.<\/p>\n<p>Desarrollamos peri\u00f3dicamente nuestras pol\u00edticas y procedimientos de seguridad para proteger la seguridad de nuestro tratamiento de datos.<\/p>\n<p>\u00danicamente las personas que necesitan los datos, pueden acceder a los datos personales.<\/p>\n<p>Exigimos a nuestros socios comerciales lo mismo que a nosotros mismos.<\/p>\n<p>Nuestros empleados reciben instrucciones sobre c\u00f3mo deben o pueden tratar los datos personales. Existen directrices internas para actuar en caso de que se infrinja la seguridad de nuestro tratamiento de datos.<\/p>\n<p>Si debido, por ejemplo, a un ciberataque o similar, Aguardio es v\u00edctima de una infracci\u00f3n de la seguridad del tratamiento de datos, te lo comunicaremos lo antes posible si la infracci\u00f3n supone un alto riesgo.<\/p>\n<hr>\n<p><strong>Transmisi\u00f3n a terceros pa\u00edses<br \/><\/strong>Los datos personales que podamos procesar se procesar\u00e1n y conservar\u00e1n preferentemente y en la medida de lo posible en Dinamarca, la UE y los pa\u00edses que forman parte del Acuerdo Econ\u00f3mico Europeo (EEE).<\/p>\n<hr>\n<p><strong>Tus derechos y d\u00f3nde reclamar<br \/><\/strong>Tienes derecho a saber si tenemos datos personales tuyos y, en caso afirmativo, a obtener acceso a esos datos y exigir que se corrijan si son inexactos, y puedes oponerte a que utilicemos tus datos personales y exigir que se borren.<\/p>\n<p>Pueden aplicarse restricciones a estos derechos.<\/p>\n<hr>\n<p><strong>Si quieres ejercer tus derechos, debes ponerte en contacto con nosotros.<br \/><\/strong>Tambi\u00e9n tienes derecho a presentar una reclamaci\u00f3n sobre c\u00f3mo procesamos tus datos personales ante una Autoridad de Protecci\u00f3n de Datos.<\/p>\n<hr>\n<p><strong>Revisi\u00f3n de este Aviso de Privacidad<br \/><\/strong>Aspiramos a la mayor transparencia posible en relaci\u00f3n con la recogida y el tratamiento de datos personales.<\/p>\n<p>Por esta raz\u00f3n, revisaremos y actualizaremos este Aviso de Privacidad de vez en cuando.<\/p>\n<p>Cualquier actualizaci\u00f3n de la pr\u00e1ctica relativa al tratamiento de datos personales que sigamos de acuerdo con este Aviso de Privacidad entrar\u00e1 en vigor inmediatamente en lo que respecta a los datos personales que tratemos sobre ti.<\/p>\n<p>En caso de que modifiquemos sustancialmente el Aviso de Privacidad, nos esforzamos por tomar las medidas razonables y habituales para comunic\u00e1rselo a los interesados, incluyendo informaci\u00f3n sobre las consecuencias de los cambios que realizamos.<\/p>\n<hr>\n<p><em>El Aviso de privacidad se actualiz\u00f3 el 21 de agosto de 2023.<\/em><\/p>\n<p><em>Este Aviso de Privacidad sustituye a todas y cada una de las versiones anteriores.<\/em><\/p>\n\t\t\t\t\t\t\t\t<\/div>\n\t\t\t\t<\/div>\n\t\t\t\t\t<\/div>\n\t\t<\/div>\n\t\t\t\t\t<\/div>\n\t\t<\/section>\n\t\t\t\t\t<\/div>\n\t\t<\/div>\n\t\t\t\t\t<\/div>\n\t\t<\/section>\n\t\t\t\t<\/div>\n\t\t","protected":false},"excerpt":{"rendered":"<p>Aviso de privacidad de Aguardio Aviso de privacidad de Aguardio Introducci\u00f3nCuando recibimos datos personales tuyos, nos esforzamos por que conf\u00edes en que los procesamos de forma transparente y segura. Por esta raz\u00f3n, hemos desarrollado esta Pol\u00edtica de Privacidad para darte informaci\u00f3n sobre los tipos de datos que procesamos y c\u00f3mo los procesamos. La recogida y&hellip;&nbsp;<a href=\"https:\/\/aguardio.com\/es\/aviso-de-privacidad-de-aguardio\/\" rel=\"bookmark\">Leer m\u00e1s &raquo;<span class=\"screen-reader-text\">Aviso de privacidad de Aguardio<\/span><\/a><\/p>\n","protected":false},"author":1,"featured_media":0,"parent":0,"menu_order":0,"comment_status":"closed","ping_status":"closed","template":"page-templates\/template-pagebuilder-full-width.php","meta":{"neve_meta_sidebar":"","neve_meta_container":"","neve_meta_enable_content_width":"","neve_meta_content_width":0,"neve_meta_title_alignment":"","neve_meta_author_avatar":"","neve_post_elements_order":"","neve_meta_disable_header":"","neve_meta_disable_footer":"","neve_meta_disable_title":"","footnotes":""},"categories":[],"tags":[],"class_list":["post-13181","page","type-page","status-publish","hentry"],"yoast_head":"<!-- This site is optimized with the Yoast SEO plugin v27.4 - https:\/\/yoast.com\/product\/yoast-seo-wordpress\/ -->\n<title>Aviso de privacidad de Aguardio - Aguardio<\/title>\n<meta name=\"robots\" content=\"index, follow, max-snippet:-1, max-image-preview:large, max-video-preview:-1\" \/>\n<link rel=\"canonical\" href=\"https:\/\/aguardio.com\/es\/aviso-de-privacidad-de-aguardio\/\" \/>\n<meta property=\"og:locale\" content=\"es_ES\" \/>\n<meta property=\"og:type\" content=\"article\" \/>\n<meta property=\"og:title\" content=\"Aviso de privacidad de Aguardio - Aguardio\" \/>\n<meta property=\"og:description\" content=\"Aviso de privacidad de Aguardio Aviso de privacidad de Aguardio Introducci\u00f3nCuando recibimos datos personales tuyos, nos esforzamos por que conf\u00edes en que los procesamos de forma transparente y segura. Por esta raz\u00f3n, hemos desarrollado esta Pol\u00edtica de Privacidad para darte informaci\u00f3n sobre los tipos de datos que procesamos y c\u00f3mo los procesamos. La recogida y&hellip;&nbsp;Leer m\u00e1s &raquo;Aviso de privacidad de Aguardio\" \/>\n<meta property=\"og:url\" content=\"https:\/\/aguardio.com\/es\/aviso-de-privacidad-de-aguardio\/\" \/>\n<meta property=\"og:site_name\" content=\"Aguardio\" \/>\n<meta property=\"article:publisher\" content=\"https:\/\/www.facebook.com\/aguardio\/\" \/>\n<meta property=\"article:modified_time\" content=\"2024-06-19T12:54:29+00:00\" \/>\n<meta name=\"twitter:card\" content=\"summary_large_image\" \/>\n<meta name=\"twitter:label1\" content=\"Tiempo de lectura\" \/>\n\t<meta name=\"twitter:data1\" content=\"7 minutos\" \/>\n<script type=\"application\/ld+json\" class=\"yoast-schema-graph\">{\"@context\":\"https:\\\/\\\/schema.org\",\"@graph\":[{\"@type\":\"WebPage\",\"@id\":\"https:\\\/\\\/aguardio.com\\\/es\\\/aviso-de-privacidad-de-aguardio\\\/\",\"url\":\"https:\\\/\\\/aguardio.com\\\/es\\\/aviso-de-privacidad-de-aguardio\\\/\",\"name\":\"Aviso de privacidad de Aguardio - Aguardio\",\"isPartOf\":{\"@id\":\"https:\\\/\\\/aguardio.com\\\/#website\"},\"datePublished\":\"2023-05-14T23:29:54+00:00\",\"dateModified\":\"2024-06-19T12:54:29+00:00\",\"inLanguage\":\"es\",\"potentialAction\":[{\"@type\":\"ReadAction\",\"target\":[\"https:\\\/\\\/aguardio.com\\\/es\\\/aviso-de-privacidad-de-aguardio\\\/\"]}]},{\"@type\":\"WebSite\",\"@id\":\"https:\\\/\\\/aguardio.com\\\/#website\",\"url\":\"https:\\\/\\\/aguardio.com\\\/\",\"name\":\"Aguardio\",\"description\":\"Reduzca el consumo de agua de la ducha hasta un 30% y detecte fugas en los inodoros para ahorrar agua y energ\u00eda, ahorrar dinero en las facturas de los servicios p\u00fablicos y vivir de forma m\u00e1s sostenible.\",\"publisher\":{\"@id\":\"https:\\\/\\\/aguardio.com\\\/#organization\"},\"alternateName\":\"Aguardio Shower and Toilet Leak Sensors\",\"potentialAction\":[{\"@type\":\"SearchAction\",\"target\":{\"@type\":\"EntryPoint\",\"urlTemplate\":\"https:\\\/\\\/aguardio.com\\\/?s={search_term_string}\"},\"query-input\":{\"@type\":\"PropertyValueSpecification\",\"valueRequired\":true,\"valueName\":\"search_term_string\"}}],\"inLanguage\":\"es\"},{\"@type\":\"Organization\",\"@id\":\"https:\\\/\\\/aguardio.com\\\/#organization\",\"name\":\"Aguardio ApS\",\"url\":\"https:\\\/\\\/aguardio.com\\\/\",\"logo\":{\"@type\":\"ImageObject\",\"inLanguage\":\"es\",\"@id\":\"https:\\\/\\\/aguardio.com\\\/#\\\/schema\\\/logo\\\/image\\\/\",\"url\":\"https:\\\/\\\/aguardio.com\\\/wp-content\\\/uploads\\\/2023\\\/05\\\/aguardio-logo.png\",\"contentUrl\":\"https:\\\/\\\/aguardio.com\\\/wp-content\\\/uploads\\\/2023\\\/05\\\/aguardio-logo.png\",\"width\":512,\"height\":131,\"caption\":\"Aguardio ApS\"},\"image\":{\"@id\":\"https:\\\/\\\/aguardio.com\\\/#\\\/schema\\\/logo\\\/image\\\/\"},\"sameAs\":[\"https:\\\/\\\/www.facebook.com\\\/aguardio\\\/\",\"https:\\\/\\\/www.linkedin.com\\\/company\\\/aguardio\\\/\",\"https:\\\/\\\/www.youtube.com\\\/@aguardio8958\\\/videos\",\"https:\\\/\\\/www.instagram.com\\\/aguardio_official\\\/\"]}]}<\/script>\n<!-- \/ Yoast SEO plugin. -->","yoast_head_json":{"title":"Aviso de privacidad de Aguardio - Aguardio","robots":{"index":"index","follow":"follow","max-snippet":"max-snippet:-1","max-image-preview":"max-image-preview:large","max-video-preview":"max-video-preview:-1"},"canonical":"https:\/\/aguardio.com\/es\/aviso-de-privacidad-de-aguardio\/","og_locale":"es_ES","og_type":"article","og_title":"Aviso de privacidad de Aguardio - Aguardio","og_description":"Aviso de privacidad de Aguardio Aviso de privacidad de Aguardio Introducci\u00f3nCuando recibimos datos personales tuyos, nos esforzamos por que conf\u00edes en que los procesamos de forma transparente y segura. Por esta raz\u00f3n, hemos desarrollado esta Pol\u00edtica de Privacidad para darte informaci\u00f3n sobre los tipos de datos que procesamos y c\u00f3mo los procesamos. La recogida y&hellip;&nbsp;Leer m\u00e1s &raquo;Aviso de privacidad de Aguardio","og_url":"https:\/\/aguardio.com\/es\/aviso-de-privacidad-de-aguardio\/","og_site_name":"Aguardio","article_publisher":"https:\/\/www.facebook.com\/aguardio\/","article_modified_time":"2024-06-19T12:54:29+00:00","twitter_card":"summary_large_image","twitter_misc":{"Tiempo de lectura":"7 minutos"},"schema":{"@context":"https:\/\/schema.org","@graph":[{"@type":"WebPage","@id":"https:\/\/aguardio.com\/es\/aviso-de-privacidad-de-aguardio\/","url":"https:\/\/aguardio.com\/es\/aviso-de-privacidad-de-aguardio\/","name":"Aviso de privacidad de Aguardio - Aguardio","isPartOf":{"@id":"https:\/\/aguardio.com\/#website"},"datePublished":"2023-05-14T23:29:54+00:00","dateModified":"2024-06-19T12:54:29+00:00","inLanguage":"es","potentialAction":[{"@type":"ReadAction","target":["https:\/\/aguardio.com\/es\/aviso-de-privacidad-de-aguardio\/"]}]},{"@type":"WebSite","@id":"https:\/\/aguardio.com\/#website","url":"https:\/\/aguardio.com\/","name":"Aguardio","description":"Reduzca el consumo de agua de la ducha hasta un 30% y detecte fugas en los inodoros para ahorrar agua y energ\u00eda, ahorrar dinero en las facturas de los servicios p\u00fablicos y vivir de forma m\u00e1s sostenible.","publisher":{"@id":"https:\/\/aguardio.com\/#organization"},"alternateName":"Aguardio Shower and Toilet Leak Sensors","potentialAction":[{"@type":"SearchAction","target":{"@type":"EntryPoint","urlTemplate":"https:\/\/aguardio.com\/?s={search_term_string}"},"query-input":{"@type":"PropertyValueSpecification","valueRequired":true,"valueName":"search_term_string"}}],"inLanguage":"es"},{"@type":"Organization","@id":"https:\/\/aguardio.com\/#organization","name":"Aguardio ApS","url":"https:\/\/aguardio.com\/","logo":{"@type":"ImageObject","inLanguage":"es","@id":"https:\/\/aguardio.com\/#\/schema\/logo\/image\/","url":"https:\/\/aguardio.com\/wp-content\/uploads\/2023\/05\/aguardio-logo.png","contentUrl":"https:\/\/aguardio.com\/wp-content\/uploads\/2023\/05\/aguardio-logo.png","width":512,"height":131,"caption":"Aguardio ApS"},"image":{"@id":"https:\/\/aguardio.com\/#\/schema\/logo\/image\/"},"sameAs":["https:\/\/www.facebook.com\/aguardio\/","https:\/\/www.linkedin.com\/company\/aguardio\/","https:\/\/www.youtube.com\/@aguardio8958\/videos","https:\/\/www.instagram.com\/aguardio_official\/"]}]}},"_links":{"self":[{"href":"https:\/\/aguardio.com\/es\/wp-json\/wp\/v2\/pages\/13181","targetHints":{"allow":["GET"]}}],"collection":[{"href":"https:\/\/aguardio.com\/es\/wp-json\/wp\/v2\/pages"}],"about":[{"href":"https:\/\/aguardio.com\/es\/wp-json\/wp\/v2\/types\/page"}],"author":[{"embeddable":true,"href":"https:\/\/aguardio.com\/es\/wp-json\/wp\/v2\/users\/1"}],"replies":[{"embeddable":true,"href":"https:\/\/aguardio.com\/es\/wp-json\/wp\/v2\/comments?post=13181"}],"version-history":[{"count":0,"href":"https:\/\/aguardio.com\/es\/wp-json\/wp\/v2\/pages\/13181\/revisions"}],"wp:attachment":[{"href":"https:\/\/aguardio.com\/es\/wp-json\/wp\/v2\/media?parent=13181"}],"wp:term":[{"taxonomy":"category","embeddable":true,"href":"https:\/\/aguardio.com\/es\/wp-json\/wp\/v2\/categories?post=13181"},{"taxonomy":"post_tag","embeddable":true,"href":"https:\/\/aguardio.com\/es\/wp-json\/wp\/v2\/tags?post=13181"}],"curies":[{"name":"wp","href":"https:\/\/api.w.org\/{rel}","templated":true}]}}